{"id":1175,"date":"2020-10-16T10:54:55","date_gmt":"2020-10-16T08:54:55","guid":{"rendered":"http:\/\/www.dnagensee.com\/communications\/publications\/"},"modified":"2023-01-12T10:49:00","modified_gmt":"2023-01-12T09:49:00","slug":"publications","status":"publish","type":"page","link":"https:\/\/www.dnagensee.com\/en\/communications\/publications\/","title":{"rendered":"Publications"},"content":{"rendered":"<div class=\"wpb-content-wrapper\"><p>[vc_row][vc_column][vc_column_text]<\/p>\n<h2 style=\"color: #fc82a6;\">Scientific publications<\/h2>\n<p>[\/vc_column_text]<div class=\"uavc-list-icon uavc-list-icon-wrapper ult-adjust-bottom-margin   \"><ul class=\"uavc-list\"><li><div class=\"uavc-list-content\" id=\"list-icon-wrap-3369\">\n<div class=\"uavc-list-icon  \" data-animation=\"\" data-animation-delay=\"03\" style=\"margin-right:8px;\"><div class=\"ult-just-icon-wrapper  \"><div class=\"align-icon\" style=\"text-align:center;\">\n<div class=\"aio-icon none \"  style=\"color:#fc82a6;font-size:14px;display:inline-block;\">\n\t<i class=\"icomoon-the7-font-the7-arrow-03\"><\/i>\n<\/div><\/div><\/div>\n<\/div><span  data-ultimate-target='#list-icon-wrap-3369 .uavc-list-desc'  data-responsive-json-new='{\"font-size\":\"\",\"line-height\":\"\"}'  class=\"uavc-list-desc ult-responsive\" style=\"\">January 2023 : <strong><a href=\"https:\/\/cosmeticsandtoiletries.texterity.com\/cosmeticsandtoiletries\/january_2023\/MobilePagedArticle.action?articleId=1847047#articleId1847047\">DNA Metabarcoding Tracks the Traceability of Naturals<\/a><\/strong>, <span class=\"author-name\">Nelly Dubrulle<\/span>,\u00a0<span class=\"author-name\">Florian Philippe<\/span>\u00a0and\u00a0<span class=\"author-name\">Nicole Giraud, <\/span><span class=\"author-name\">Lucie Bonnet<\/span>,\u00a0<span class=\"author-name\">Nicolas Barri\u00e8re<\/span>,\u00a0<span class=\"author-name\">Frederic De-Baene<\/span>, <span class=\"author-name\">Alex Saunois, <\/span><span class=\"author-name\">Sandrine Weber, Cosmetics &amp; Toiletries<\/span><\/p>\n<div class=\"articleBody\">\n<div class=\"htmlBody article_div\"><\/div>\n<\/div>\n<p><\/span><\/div><\/li><li><div class=\"uavc-list-content\" id=\"list-icon-wrap-8736\">\n<div class=\"uavc-list-icon  \" data-animation=\"\" data-animation-delay=\"03\" style=\"margin-right:8px;\"><div class=\"ult-just-icon-wrapper  \"><div class=\"align-icon\" style=\"text-align:center;\">\n<div class=\"aio-icon none \"  style=\"color:#fc82a6;font-size:14px;display:inline-block;\">\n\t<i class=\"icomoon-the7-font-the7-arrow-03\"><\/i>\n<\/div><\/div><\/div>\n<\/div><span  data-ultimate-target='#list-icon-wrap-8736 .uavc-list-desc'  data-responsive-json-new='{\"font-size\":\"\",\"line-height\":\"\"}'  class=\"uavc-list-desc ult-responsive\" style=\"\">December 2021 : <strong><a href=\"https:\/\/doi.org\/10.1111\/ics.12757\">Combining DNA Barcoding and Chemical fingerprints to authenticate Lavender raw material<\/a><\/strong>, Florian Philippe, Nelly Dubrulle, Benjamin Marteaux, Brice Bonnet, Patrick Choisy, Jean-Yves Berthon, Laurence Garnier, Nadine Leconte, Sandrine Milesi, Pierre-Yves Morvan, Alex Saunois, Jian-Sheng Sun, Sandrine Weber, Nicole Giraud, International Journal of Cosmetic Science<\/span><\/div><\/li><li><div class=\"uavc-list-content\" id=\"list-icon-wrap-6755\">\n<div class=\"uavc-list-icon  \" data-animation=\"\" data-animation-delay=\"03\" style=\"margin-right:8px;\"><div class=\"ult-just-icon-wrapper  \"><div class=\"align-icon\" style=\"text-align:center;\">\n<div class=\"aio-icon none \"  style=\"color:#fc82a6;font-size:14px;display:inline-block;\">\n\t<i class=\"icomoon-the7-font-the7-arrow-03\"><\/i>\n<\/div><\/div><\/div>\n<\/div><span  data-ultimate-target='#list-icon-wrap-6755 .uavc-list-desc'  data-responsive-json-new='{\"font-size\":\"\",\"line-height\":\"\"}'  class=\"uavc-list-desc ult-responsive\" style=\"\">April 2021: <strong><a title=\"Tra\u00e7abilit\u00e9 g\u00e9n\u00e9tique de l\u2019amande dans la cha\u00eene d\u2019approvisionnement de l\u2019huile essentielle\" href=\"https:\/\/www.dnagensee.com\/en\/genetic-traceability-of-the-bitter-almond-essential-oil-supply-chain\/\">Genetic traceability of the bitter almond essential oil supply chain<\/a>.<\/strong> Dubrulle N., Marteaux B., Giraud N., Delbecque C., and Garry P.F.,\u00a0 Perfumer &amp; Flavorist<\/span><\/div><\/li><li><div class=\"uavc-list-content\" id=\"list-icon-wrap-6281\">\n<div class=\"uavc-list-icon  \" data-animation=\"\" data-animation-delay=\"03\" style=\"margin-right:8px;\"><div class=\"ult-just-icon-wrapper  \"><div class=\"align-icon\" style=\"text-align:center;\">\n<div class=\"aio-icon none \"  style=\"color:#fc82a6;font-size:14px;display:inline-block;\">\n\t<i class=\"icomoon-the7-font-the7-arrow-03\"><\/i>\n<\/div><\/div><\/div>\n<\/div><span  data-ultimate-target='#list-icon-wrap-6281 .uavc-list-desc'  data-responsive-json-new='{\"font-size\":\"\",\"line-height\":\"\"}'  class=\"uavc-list-desc ult-responsive\" style=\"\">March 2021 : <a title=\"DNA Gensee \u00e9crit une nouvelle publication scientifique\" href=\"https:\/\/www.dnagensee.com\/en\/?p=5250\"><strong>Targeted LC-MS\/MS combined with multilocus DNA metabarcoding as a <\/strong><strong>combinatory approach to determine the amount and the source of pyrrolizidine <\/strong><strong>alkaloids contamination in popular cooking herbs, seeds, spices and leafy vegetables.<\/strong><\/a><strong>\u00a0<\/strong>Jean-Fran\u00e7ois Picron, Florian philippe, Nelly Debrulle, Els Van Hoeck, Nicole Giraud, S\u00e9verine Goscinny &amp; C\u00e9line Vanhee. Food Additives &amp; Contaminants: Part A<\/span><\/div><\/li><li><div class=\"uavc-list-content\" id=\"list-icon-wrap-7677\">\n<div class=\"uavc-list-icon  \" data-animation=\"\" data-animation-delay=\"03\" style=\"margin-right:8px;\"><div class=\"ult-just-icon-wrapper  \"><div class=\"align-icon\" style=\"text-align:center;\">\n<div class=\"aio-icon none \"  style=\"color:#fc82a6;font-size:14px;display:inline-block;\">\n\t<i class=\"icomoon-the7-font-the7-arrow-03\"><\/i>\n<\/div><\/div><\/div>\n<\/div><span  data-ultimate-target='#list-icon-wrap-7677 .uavc-list-desc'  data-responsive-json-new='{\"font-size\":\"\",\"line-height\":\"\"}'  class=\"uavc-list-desc ult-responsive\" style=\"\">Summer 2020 : <strong><a href=\"https:\/\/www.dnagensee.com\/wp-content\/uploads\/2021\/01\/Article-Olea-DNA-Gensee-1.pdf\" target=\"_blank\" rel=\"noopener noreferrer\">Development of a genetic method for Olea europaea varietal identification.<\/a><\/strong> <b>\u00a0<\/b>Philippe F., Dubrulle N., Giraud N. Nutraceutical Now<\/span><\/div><\/li><li><div class=\"uavc-list-content\" id=\"list-icon-wrap-7994\">\n<div class=\"uavc-list-icon  \" data-animation=\"\" data-animation-delay=\"03\" style=\"margin-right:8px;\"><div class=\"ult-just-icon-wrapper  \"><div class=\"align-icon\" style=\"text-align:center;\">\n<div class=\"aio-icon none \"  style=\"color:#fc82a6;font-size:14px;display:inline-block;\">\n\t<i class=\"icomoon-the7-font-the7-arrow-03\"><\/i>\n<\/div><\/div><\/div>\n<\/div><span  data-ultimate-target='#list-icon-wrap-7994 .uavc-list-desc'  data-responsive-json-new='{\"font-size\":\"\",\"line-height\":\"\"}'  class=\"uavc-list-desc ult-responsive\" style=\"\">October 2019 : <strong><a href=\"https:\/\/www.teknoscienze.com\/tks_article\/barcoding-and-metabarcoding-high-performance-tools-for-the-cosmetics-nutraceutics-and-health-industry\/?utm_medium=email&amp;utm_campaign=HPC&amp;utm_source=2019_10_07_TOC_HPC4.\">Barcoding and metabarcoding: high-performance tools for the cosmetics, nutraceutics and health industry.<\/a><\/strong><b> <\/b>Philippe F., Dubrulle N., Giraud N. HPC Today<\/span><\/div><\/li><li><div class=\"uavc-list-content\" id=\"list-icon-wrap-1120\">\n<div class=\"uavc-list-icon  \" data-animation=\"\" data-animation-delay=\"03\" style=\"margin-right:8px;\"><div class=\"ult-just-icon-wrapper  \"><div class=\"align-icon\" style=\"text-align:center;\">\n<div class=\"aio-icon none \"  style=\"color:#fc82a6;font-size:14px;display:inline-block;\">\n\t<i class=\"icomoon-the7-font-the7-arrow-03\"><\/i>\n<\/div><\/div><\/div>\n<\/div><span  data-ultimate-target='#list-icon-wrap-1120 .uavc-list-desc'  data-responsive-json-new='{\"font-size\":\"\",\"line-height\":\"\"}'  class=\"uavc-list-desc ult-responsive\" style=\"\">October 2019 :<strong><a href=\"https:\/\/www.perfumerflavorist.com\/flavor\/application\/vanilla\/A-Major-Stake-for-the-Future-Authenticating-Vanilla-With-DNA-561143911.html\"> A Major Stake for the Future: Authenticating Vanilla With DNA<\/a> <\/strong>Philippe F., Dubrulle N., Giraud N. Perfumer &amp; Flavorist<\/span><\/div><\/li><li><div class=\"uavc-list-content\" id=\"list-icon-wrap-1533\">\n<div class=\"uavc-list-icon  \" data-animation=\"\" data-animation-delay=\"03\" style=\"margin-right:8px;\"><div class=\"ult-just-icon-wrapper  \"><div class=\"align-icon\" style=\"text-align:center;\">\n<div class=\"aio-icon none \"  style=\"color:#fc82a6;font-size:14px;display:inline-block;\">\n\t<i class=\"icomoon-the7-font-the7-arrow-03\"><\/i>\n<\/div><\/div><\/div>\n<\/div><span  data-ultimate-target='#list-icon-wrap-1533 .uavc-list-desc'  data-responsive-json-new='{\"font-size\":\"\",\"line-height\":\"\"}'  class=\"uavc-list-desc ult-responsive\" style=\"\">February 2019 :<strong> <a href=\"https:\/\/www.cosmeticsandtoiletries.com\/testing\/efficacyclaims\/Lost-in-Extraction-DNA-Reveals-the-Impact-of-Filtering-on-Sand-Daffodil-Extract-Traceability-511914852.html\">Lost in Extraction: DNA Reveals the Impact of Filtering on Sand Daffodil Extract Traceability<\/a><\/strong> DNA Gensee, Codif, Clarins. Cosmetics &amp; Toileteries<\/span><\/div><\/li><li><div class=\"uavc-list-content\" id=\"list-icon-wrap-9892\">\n<div class=\"uavc-list-icon  \" data-animation=\"\" data-animation-delay=\"03\" style=\"margin-right:8px;\"><div class=\"ult-just-icon-wrapper  \"><div class=\"align-icon\" style=\"text-align:center;\">\n<div class=\"aio-icon none \"  style=\"color:#fc82a6;font-size:14px;display:inline-block;\">\n\t<i class=\"icomoon-the7-font-the7-arrow-03\"><\/i>\n<\/div><\/div><\/div>\n<\/div><span  data-ultimate-target='#list-icon-wrap-9892 .uavc-list-desc'  data-responsive-json-new='{\"font-size\":\"\",\"line-height\":\"\"}'  class=\"uavc-list-desc ult-responsive\" style=\"\">October 2018 : <strong><a href=\"https:\/\/www.cosmeticsbusiness.com\/news\/article_page\/DNA_authentication_Is_your_botanical_the_real_deal\/148577\">DNA authentication: Is your botanical the real deal?<\/a><\/strong>\u00a0Philippe F, Dubrulle N, Giraud N. Cosmetics business<\/span><\/div><\/li><li><div class=\"uavc-list-content\" id=\"list-icon-wrap-1108\">\n<div class=\"uavc-list-icon  \" data-animation=\"\" data-animation-delay=\"03\" style=\"margin-right:8px;\"><div class=\"ult-just-icon-wrapper  \"><div class=\"align-icon\" style=\"text-align:center;\">\n<div class=\"aio-icon none \"  style=\"color:#fc82a6;font-size:14px;display:inline-block;\">\n\t<i class=\"icomoon-the7-font-the7-arrow-03\"><\/i>\n<\/div><\/div><\/div>\n<\/div><span  data-ultimate-target='#list-icon-wrap-1108 .uavc-list-desc'  data-responsive-json-new='{\"font-size\":\"\",\"line-height\":\"\"}'  class=\"uavc-list-desc ult-responsive\" style=\"\">October 2018 :\u00a0<a href=\"https:\/\/onlinelibrary.wiley.com\/doi\/abs\/10.1002\/cbdv.201800251\"><strong>Study of Some Zanthoxylum Species by Chemical and DNA Analysis Approaches.<\/strong><\/a>\u00a0Perichet C, Philippe F, Dupouyet A, Marteaux B, Schnaebele N, Dubrulle N, Lavoine-Hanneguelle S, Giraud N. Chemistry &amp;Biodiversity<\/span><\/div><\/li><li><div class=\"uavc-list-content\" id=\"list-icon-wrap-4280\">\n<div class=\"uavc-list-icon  \" data-animation=\"\" data-animation-delay=\"03\" style=\"margin-right:8px;\"><div class=\"ult-just-icon-wrapper  \"><div class=\"align-icon\" style=\"text-align:center;\">\n<div class=\"aio-icon none \"  style=\"color:#fc82a6;font-size:14px;display:inline-block;\">\n\t<i class=\"icomoon-the7-font-the7-arrow-03\"><\/i>\n<\/div><\/div><\/div>\n<\/div><span  data-ultimate-target='#list-icon-wrap-4280 .uavc-list-desc'  data-responsive-json-new='{\"font-size\":\"\",\"line-height\":\"\"}'  class=\"uavc-list-desc ult-responsive\" style=\"\">June 2018 :\u00a0<a href=\"http:\/\/www.teknoscienze.com\/tks_article\/new-genetic-approach-to-identify-ulex-species-in-co2-extract\/\"><strong>New genetic approach to identify Ulex species in CO2 extract<\/strong><\/a>. F. Philippe, E. Gasparotto, B. Marteaux, N. Dubrulle, P.-Y. Morvan, R. Vall\u00e9e, S. Weber-Basilis, N. Giraud. H&amp;PC Today<\/span><\/div><\/li><li><div class=\"uavc-list-content\" id=\"list-icon-wrap-6776\">\n<div class=\"uavc-list-icon  \" data-animation=\"\" data-animation-delay=\"03\" style=\"margin-right:8px;\"><div class=\"ult-just-icon-wrapper  \"><div class=\"align-icon\" style=\"text-align:center;\">\n<div class=\"aio-icon none \"  style=\"color:#fc82a6;font-size:14px;display:inline-block;\">\n\t<i class=\"icomoon-the7-font-the7-arrow-03\"><\/i>\n<\/div><\/div><\/div>\n<\/div><span  data-ultimate-target='#list-icon-wrap-6776 .uavc-list-desc'  data-responsive-json-new='{\"font-size\":\"\",\"line-height\":\"\"}'  class=\"uavc-list-desc ult-responsive\" style=\"\">June 2017 :\u00a0<strong><a href=\"https:\/\/ifscc.org\/publications\/library\/ifscc-magazine\/\">DNA Metabarcoding As a Tool to Trace Plants of Interest in Ingredients or Cosmetics.<\/a><\/strong>\u00a0N. Dubrulle, N. Giraud. IFSCC Magazine<\/span><\/div><\/li><li><div class=\"uavc-list-content\" id=\"list-icon-wrap-4574\">\n<div class=\"uavc-list-icon  \" data-animation=\"\" data-animation-delay=\"03\" style=\"margin-right:8px;\"><div class=\"ult-just-icon-wrapper  \"><div class=\"align-icon\" style=\"text-align:center;\">\n<div class=\"aio-icon none \"  style=\"color:#fc82a6;font-size:14px;display:inline-block;\">\n\t<i class=\"icomoon-the7-font-the7-arrow-03\"><\/i>\n<\/div><\/div><\/div>\n<\/div><span  data-ultimate-target='#list-icon-wrap-4574 .uavc-list-desc'  data-responsive-json-new='{\"font-size\":\"\",\"line-height\":\"\"}'  class=\"uavc-list-desc ult-responsive\" style=\"\">January 2017 :\u00a0<strong>The genetic signature for lavender and lavandin : a tool to trace plants of interest in cosmetic, perfume or nutrition<\/strong>. N. Dubrulle, N. Giraud. Annales des Falsifications, de l\u2019expertise chimique &amp; Toxicologique \u2013 N\u00b0986 \u2013 1st Semester 2017<\/span><\/div><\/li><li><div class=\"uavc-list-content\" id=\"list-icon-wrap-2597\">\n<div class=\"uavc-list-icon  \" data-animation=\"\" data-animation-delay=\"03\" style=\"margin-right:8px;\"><div class=\"ult-just-icon-wrapper  \"><div class=\"align-icon\" style=\"text-align:center;\">\n<div class=\"aio-icon none \"  style=\"color:#fc82a6;font-size:14px;display:inline-block;\">\n\t<i class=\"icomoon-the7-font-the7-arrow-03\"><\/i>\n<\/div><\/div><\/div>\n<\/div><span  data-ultimate-target='#list-icon-wrap-2597 .uavc-list-desc'  data-responsive-json-new='{\"font-size\":\"\",\"line-height\":\"\"}'  class=\"uavc-list-desc ult-responsive\" style=\"\">November 2016\u00a0:\u00a0<a href=\"http:\/\/www.perfumerflavorist.com\/fragrance\/regulatory\/Authentication-of-Natural-Materials-Whats-New-399660831.html\" target=\"_blank\" rel=\"noopener noreferrer\"><strong>Authentication of natural materials\u00a0: What\u2019s new\u00a0?<\/strong><\/a>\u00a0L. Saint-Lary, A. Roccia, X Fernandez, J.P. Paris, O.P. Thomas, N. Giraud, C. Roy. Perfumer&amp;Flavorist. Vol 41- Nov 2016<\/span><\/div><\/li><li><div class=\"uavc-list-content\" id=\"list-icon-wrap-1172\">\n<div class=\"uavc-list-icon  \" data-animation=\"\" data-animation-delay=\"03\" style=\"margin-right:8px;\"><div class=\"ult-just-icon-wrapper  \"><div class=\"align-icon\" style=\"text-align:center;\">\n<div class=\"aio-icon none \"  style=\"color:#fc82a6;font-size:14px;display:inline-block;\">\n\t<i class=\"icomoon-the7-font-the7-arrow-03\"><\/i>\n<\/div><\/div><\/div>\n<\/div><span  data-ultimate-target='#list-icon-wrap-1172 .uavc-list-desc'  data-responsive-json-new='{\"font-size\":\"\",\"line-height\":\"\"}'  class=\"uavc-list-desc ult-responsive\" style=\"\">Juily 2016\u00a0:<a href=\"https:\/\/cosmeticobs.com\/fr\/articles\/publications-scientifiques-46\/extraction-au-co2-supercritique-et-metabarcoding-3524\/\" target=\"_blank\" rel=\"noopener noreferrer\"><strong>\u00a0Supercritical CO2 extraction and metabarcoding<\/strong><\/a>. N. Giraud, A. Roccia, C. Santerre, N. Vallet. Cosmetics observatory.<\/span><\/div><\/li><\/ul><\/div>[vc_column_text]<\/p>\n<h2 style=\"color: #fc82a6;\">Other publications<\/h2>\n<p>[\/vc_column_text]<div class=\"uavc-list-icon uavc-list-icon-wrapper ult-adjust-bottom-margin   \"><ul class=\"uavc-list\"><li><div class=\"uavc-list-content\" id=\"list-icon-wrap-4791\">\n<div class=\"uavc-list-icon  \" data-animation=\"\" data-animation-delay=\"03\" style=\"margin-right:8px;\"><div class=\"ult-just-icon-wrapper  \"><div class=\"align-icon\" style=\"text-align:center;\">\n<div class=\"aio-icon none \"  style=\"color:#fc82a6;font-size:14px;display:inline-block;\">\n\t<i class=\"icomoon-the7-font-the7-arrow-03\"><\/i>\n<\/div><\/div><\/div>\n<\/div><span  data-ultimate-target='#list-icon-wrap-4791 .uavc-list-desc'  data-responsive-json-new='{\"font-size\":\"\",\"line-height\":\"\"}'  class=\"uavc-list-desc ult-responsive\" style=\"\">2017 :\u00a0<strong>DNA Metabarcoding for honey<\/strong>. Annuaire Cosmed 2017.<\/span><\/div><\/li><li><div class=\"uavc-list-content\" id=\"list-icon-wrap-9461\">\n<div class=\"uavc-list-icon  \" data-animation=\"\" data-animation-delay=\"03\" style=\"margin-right:8px;\"><div class=\"ult-just-icon-wrapper  \"><div class=\"align-icon\" style=\"text-align:center;\">\n<div class=\"aio-icon none \"  style=\"color:#fc82a6;font-size:14px;display:inline-block;\">\n\t<i class=\"icomoon-the7-font-the7-arrow-03\"><\/i>\n<\/div><\/div><\/div>\n<\/div><span  data-ultimate-target='#list-icon-wrap-9461 .uavc-list-desc'  data-responsive-json-new='{\"font-size\":\"\",\"line-height\":\"\"}'  class=\"uavc-list-desc ult-responsive\" style=\"\">January-February 2017 :\u00a0<strong>Next generation sequencer &amp; DNA Metabarcoding for argan oil<\/strong>. Household and Personal Care<\/span><\/div><\/li><li><div class=\"uavc-list-content\" id=\"list-icon-wrap-4067\">\n<div class=\"uavc-list-icon  \" data-animation=\"\" data-animation-delay=\"03\" style=\"margin-right:8px;\"><div class=\"ult-just-icon-wrapper  \"><div class=\"align-icon\" style=\"text-align:center;\">\n<div class=\"aio-icon none \"  style=\"color:#fc82a6;font-size:14px;display:inline-block;\">\n\t<i class=\"icomoon-the7-font-the7-arrow-03\"><\/i>\n<\/div><\/div><\/div>\n<\/div><span  data-ultimate-target='#list-icon-wrap-4067 .uavc-list-desc'  data-responsive-json-new='{\"font-size\":\"\",\"line-height\":\"\"}'  class=\"uavc-list-desc ult-responsive\" style=\"\">December 2016\u00a0:\u00a0<strong>Proof of the authenticity and naturainess of DNA<\/strong>. N.Giraud. Innovations notes 2017. Cosmegenetics, Cosmetic Valley.<\/span><\/div><\/li><li><div class=\"uavc-list-content\" id=\"list-icon-wrap-1639\">\n<div class=\"uavc-list-icon  \" data-animation=\"\" data-animation-delay=\"03\" style=\"margin-right:8px;\"><div class=\"ult-just-icon-wrapper  \"><div class=\"align-icon\" style=\"text-align:center;\">\n<div class=\"aio-icon none \"  style=\"color:#fc82a6;font-size:14px;display:inline-block;\">\n\t<i class=\"icomoon-the7-font-the7-arrow-03\"><\/i>\n<\/div><\/div><\/div>\n<\/div><span  data-ultimate-target='#list-icon-wrap-1639 .uavc-list-desc'  data-responsive-json-new='{\"font-size\":\"\",\"line-height\":\"\"}'  class=\"uavc-list-desc ult-responsive\" style=\"\">November 2016\u00a0:\u00a0<strong>The DNA experts are equipped with a high level of high technology.<\/strong>\u00a0N. Giraud, P. Bois. Journal of technological information of the Pays de Savoie, Le Jitec<\/span><\/div><\/li><li><div class=\"uavc-list-content\" id=\"list-icon-wrap-1808\">\n<div class=\"uavc-list-icon  \" data-animation=\"\" data-animation-delay=\"03\" style=\"margin-right:8px;\"><div class=\"ult-just-icon-wrapper  \"><div class=\"align-icon\" style=\"text-align:center;\">\n<div class=\"aio-icon none \"  style=\"color:#fc82a6;font-size:14px;display:inline-block;\">\n\t<i class=\"icomoon-the7-font-the7-arrow-03\"><\/i>\n<\/div><\/div><\/div>\n<\/div><span  data-ultimate-target='#list-icon-wrap-1808 .uavc-list-desc'  data-responsive-json-new='{\"font-size\":\"\",\"line-height\":\"\"}'  class=\"uavc-list-desc ult-responsive\" style=\"\">F\u00e9vrier 2016 :<strong>\u00a0DNA Gensee rewarded with the first prize of Cosmetic Victories.<\/strong>\u00a0N. Giraud. The Laboratory Gazette.<\/span><\/div><\/li><li><div class=\"uavc-list-content\" id=\"list-icon-wrap-5723\">\n<div class=\"uavc-list-icon  \" data-animation=\"\" data-animation-delay=\"03\" style=\"margin-right:8px;\"><div class=\"ult-just-icon-wrapper  \"><div class=\"align-icon\" style=\"text-align:center;\">\n<div class=\"aio-icon none \"  style=\"color:#fc82a6;font-size:14px;display:inline-block;\">\n\t<i class=\"icomoon-the7-font-the7-arrow-03\"><\/i>\n<\/div><\/div><\/div>\n<\/div><span  data-ultimate-target='#list-icon-wrap-5723 .uavc-list-desc'  data-responsive-json-new='{\"font-size\":\"\",\"line-height\":\"\"}'  class=\"uavc-list-desc ult-responsive\" style=\"\">January 2016 :\u00a0<strong>Innovative gene technology for the perfume and cosmetics industries.<\/strong>\u00a0N.Giraud. P\u00f4le Pass, DNA Gensee.<\/span><\/div><\/li><li><div class=\"uavc-list-content\" id=\"list-icon-wrap-9584\">\n<div class=\"uavc-list-icon  \" data-animation=\"\" data-animation-delay=\"03\" style=\"margin-right:8px;\"><div class=\"ult-just-icon-wrapper  \"><div class=\"align-icon\" style=\"text-align:center;\">\n<div class=\"aio-icon none \"  style=\"color:#fc82a6;font-size:14px;display:inline-block;\">\n\t<i class=\"icomoon-the7-font-the7-arrow-03\"><\/i>\n<\/div><\/div><\/div>\n<\/div><span  data-ultimate-target='#list-icon-wrap-9584 .uavc-list-desc'  data-responsive-json-new='{\"font-size\":\"\",\"line-height\":\"\"}'  class=\"uavc-list-desc ult-responsive\" style=\"\">November 2015 :\u00a0<strong>The laboratory DNA Gensee was awarded the international competition Cosmetics Victories of innovations applicable to the perfumery sector cosmetics<\/strong>. N. Giraud. Communiqu\u00e9 de presse Cosmetic Valley.<\/span><\/div><\/li><\/ul><\/div>[\/vc_column][\/vc_row]<\/p>\n<\/div>","protected":false},"excerpt":{"rendered":"<p>[vc_row][vc_column][vc_column_text] Scientific publications [\/vc_column_text][vc_column_text] Other publications [\/vc_column_text][\/vc_column][\/vc_row]<\/p>\n","protected":false},"author":3,"featured_media":0,"parent":1167,"menu_order":0,"comment_status":"closed","ping_status":"closed","template":"","meta":{"footnotes":""},"class_list":["post-1175","page","type-page","status-publish","hentry","description-off"],"aioseo_notices":[],"_links":{"self":[{"href":"https:\/\/www.dnagensee.com\/en\/wp-json\/wp\/v2\/pages\/1175","targetHints":{"allow":["GET"]}}],"collection":[{"href":"https:\/\/www.dnagensee.com\/en\/wp-json\/wp\/v2\/pages"}],"about":[{"href":"https:\/\/www.dnagensee.com\/en\/wp-json\/wp\/v2\/types\/page"}],"author":[{"embeddable":true,"href":"https:\/\/www.dnagensee.com\/en\/wp-json\/wp\/v2\/users\/3"}],"replies":[{"embeddable":true,"href":"https:\/\/www.dnagensee.com\/en\/wp-json\/wp\/v2\/comments?post=1175"}],"version-history":[{"count":20,"href":"https:\/\/www.dnagensee.com\/en\/wp-json\/wp\/v2\/pages\/1175\/revisions"}],"predecessor-version":[{"id":16234,"href":"https:\/\/www.dnagensee.com\/en\/wp-json\/wp\/v2\/pages\/1175\/revisions\/16234"}],"up":[{"embeddable":true,"href":"https:\/\/www.dnagensee.com\/en\/wp-json\/wp\/v2\/pages\/1167"}],"wp:attachment":[{"href":"https:\/\/www.dnagensee.com\/en\/wp-json\/wp\/v2\/media?parent=1175"}],"curies":[{"name":"wp","href":"https:\/\/api.w.org\/{rel}","templated":true}]}}