{"id":1196,"date":"2020-10-16T16:06:58","date_gmt":"2020-10-16T14:06:58","guid":{"rendered":"http:\/\/www.dnagensee.com\/legal-notice\/"},"modified":"2023-10-02T10:39:28","modified_gmt":"2023-10-02T08:39:28","slug":"legal-statement","status":"publish","type":"page","link":"https:\/\/www.dnagensee.com\/en\/legal-statement\/","title":{"rendered":"Legal Statement"},"content":{"rendered":"<div class=\"wpb-content-wrapper\"><p>[vc_row][vc_column][vc_column_text]<strong>DNA GENSEE<\/strong> SAS company with a capital of 34.257 \u20ac Registered in the CHAMBERY Trade and Companies Register under the number 752 847 962 17, avenue du Lac saint andr\u00e9 | Savoie Technolac | 73 370, Le Bourget du Lac | France <strong>Website hosted by:<\/strong> Mailclub S.A.S. P\u00f4le M\u00e9dia de la Belle de Mai | 37, rue Guibal | 13 356, Marseille cedex 3 <strong>Web site:<\/strong> Publication director : Nicole Giraud, DNA Gensee Design : Marion Ducastaing, l\u2019Atelier de Balthazar (adbcommunication.com) Development integration: CreaCom Design (creacomdesign.com) <strong>Photo credits:<\/strong> istockphoto.com Aymeric Roccia, DNA Gensee <strong>Brochures credits:<\/strong> l\u2019Atelier de Balthazar (adbcommunication.com) <strong>CNIL declaration:<\/strong> Responsible for processing: Nicole Giraud The information collected is subject to computer processing intended for a client-prospect file (NS-48). The unique recipients of the data are: DNA Gensee. In accordance with the &#8220;Informatique et Libert\u00e9s&#8221; law of January 6, 1978 amended in 2004, you have the right to access and rectify information concerning you, which you can exercise by contacting Nicole Giraud (nicole.giraud [@] dnagensee.com). You can also, for legitimate reasons, oppose the processing of data concerning you.[\/vc_column_text][\/vc_column][\/vc_row]<\/p>\n<\/div>","protected":false},"excerpt":{"rendered":"<p>[vc_row][vc_column][vc_column_text]DNA GENSEE SAS company with a capital of 34.257 \u20ac Registered in the CHAMBERY Trade and Companies Register under the number 752 847 962 17, avenue du Lac saint andr\u00e9 | Savoie Technolac | 73 370, Le Bourget du Lac | France Website hosted by: Mailclub S.A.S. P\u00f4le M\u00e9dia de la Belle de Mai |&hellip;<\/p>\n","protected":false},"author":3,"featured_media":0,"parent":0,"menu_order":0,"comment_status":"closed","ping_status":"closed","template":"","meta":{"footnotes":""},"class_list":["post-1196","page","type-page","status-publish","hentry","description-off"],"aioseo_notices":[],"_links":{"self":[{"href":"https:\/\/www.dnagensee.com\/en\/wp-json\/wp\/v2\/pages\/1196","targetHints":{"allow":["GET"]}}],"collection":[{"href":"https:\/\/www.dnagensee.com\/en\/wp-json\/wp\/v2\/pages"}],"about":[{"href":"https:\/\/www.dnagensee.com\/en\/wp-json\/wp\/v2\/types\/page"}],"author":[{"embeddable":true,"href":"https:\/\/www.dnagensee.com\/en\/wp-json\/wp\/v2\/users\/3"}],"replies":[{"embeddable":true,"href":"https:\/\/www.dnagensee.com\/en\/wp-json\/wp\/v2\/comments?post=1196"}],"version-history":[{"count":8,"href":"https:\/\/www.dnagensee.com\/en\/wp-json\/wp\/v2\/pages\/1196\/revisions"}],"predecessor-version":[{"id":20791,"href":"https:\/\/www.dnagensee.com\/en\/wp-json\/wp\/v2\/pages\/1196\/revisions\/20791"}],"wp:attachment":[{"href":"https:\/\/www.dnagensee.com\/en\/wp-json\/wp\/v2\/media?parent=1196"}],"curies":[{"name":"wp","href":"https:\/\/api.w.org\/{rel}","templated":true}]}}